{"id":441,"date":"2025-12-03T11:53:21","date_gmt":"2025-12-03T10:53:21","guid":{"rendered":"https:\/\/viatgessabatour.com\/politica-de-cookies\/"},"modified":"2025-12-03T14:48:56","modified_gmt":"2025-12-03T13:48:56","slug":"politica-de-cookies","status":"publish","type":"page","link":"https:\/\/viatgessabatour.com\/ca\/politica-de-cookies\/","title":{"rendered":"Pol\u00edtica de cookies"},"content":{"rendered":"\t\t<div data-elementor-type=\"wp-page\" data-elementor-id=\"441\" class=\"elementor elementor-441 elementor-410\" data-elementor-post-type=\"page\">\n\t\t\t\t<div class=\"elementor-element elementor-element-0f8ce85 e-flex e-con-boxed e-con e-parent\" data-id=\"0f8ce85\" data-element_type=\"container\" data-settings=\"{&quot;background_background&quot;:&quot;classic&quot;}\">\n\t\t\t\t\t<div class=\"e-con-inner\">\n\t\t\t\t\t<\/div>\n\t\t\t\t<\/div>\n\t\t<div class=\"elementor-element elementor-element-1fefaa7 e-flex e-con-boxed e-con e-parent\" data-id=\"1fefaa7\" data-element_type=\"container\">\n\t\t\t\t\t<div class=\"e-con-inner\">\n\t\t\t\t<div class=\"elementor-element elementor-element-1ba1577 elementor-widget elementor-widget-heading\" data-id=\"1ba1577\" data-element_type=\"widget\" data-widget_type=\"heading.default\">\n\t\t\t\t\t<h1 class=\"elementor-heading-title elementor-size-default\">Pol\u00edtica de cookies<\/h1>\t\t\t\t<\/div>\n\t\t\t\t<div class=\"elementor-element elementor-element-4a10b53 elementor-widget elementor-widget-text-editor\" data-id=\"4a10b53\" data-element_type=\"widget\" data-widget_type=\"text-editor.default\">\n\t\t\t\t\t\t\t\t\t<p>Aquesta Pol\u00edtica de Cookies forma part essencial de les normes i pol\u00edtiques de privadesa del Lloc Web de Viatges Sabatour S.L., que d&#8217;ara endavant anomenarem Lloc Web. En accedir o navegar al Lloc Web, o en utilitzar els seus serveis, vost\u00e8 accepta autom\u00e0ticament els termes i condicions establerts a les nostres regles i pol\u00edtiques legals. <\/p><p>Amb la finalitat de millorar la seva experi\u00e8ncia de navegaci\u00f3, Viatges Sabatour S.L., amb CIF B44685006 i domicili a Rambla Rambla, 198, 08201 Sabadell (Barcelona), utilitza cookies que emmagatzemen i recuperen informaci\u00f3 durant la visita.<\/p><p>Aquesta Pol\u00edtica de Cookies va ser actualitzada el 02\/12\/2025.<\/p>\t\t\t\t\t\t\t\t<\/div>\n\t\t\t\t<div class=\"elementor-element elementor-element-720ae6c elementor-widget elementor-widget-heading\" data-id=\"720ae6c\" data-element_type=\"widget\" data-widget_type=\"heading.default\">\n\t\t\t\t\t<h2 class=\"elementor-heading-title elementor-size-default\">QU\u00c8 \u00c9S UNA COOKIE?<\/h2>\t\t\t\t<\/div>\n\t\t\t\t<div class=\"elementor-element elementor-element-0ff4534 elementor-widget elementor-widget-text-editor\" data-id=\"0ff4534\" data-element_type=\"widget\" data-widget_type=\"text-editor.default\">\n\t\t\t\t\t\t\t\t\t<p>Una galeta \u00e9s un petit fitxer que s&#8217;emmagatzema al dispositiu quan accedeix a un lloc web. Permeten recordar informaci\u00f3 sobre la vostra navegaci\u00f3, idioma, sessi\u00f3 o prefer\u00e8ncies i faciliten el funcionament correcte del lloc web. <\/p><p>Les cookies no fan malb\u00e9 el dispositiu i ajuden a millorar la funcionalitat i usabilitat del Lloc Web.<\/p>\t\t\t\t\t\t\t\t<\/div>\n\t\t\t\t<div class=\"elementor-element elementor-element-1fb4b29 elementor-widget elementor-widget-heading\" data-id=\"1fb4b29\" data-element_type=\"widget\" data-widget_type=\"heading.default\">\n\t\t\t\t\t<h2 class=\"elementor-heading-title elementor-size-default\">\n\u00daS DE COOKIES PER PART DEL TITULAR DE LA P\u00c0GINA WEB<\/h2>\t\t\t\t<\/div>\n\t\t\t\t<div class=\"elementor-element elementor-element-fcf7919 elementor-widget elementor-widget-text-editor\" data-id=\"fcf7919\" data-element_type=\"widget\" data-widget_type=\"text-editor.default\">\n\t\t\t\t\t\t\t\t\t<p>Viatges Sabatour utilitza galetes pr\u00f2pies (generades pel nostre domini) i galetes de tercers (Google Analytics, Mixpanel, eines del gestor web, etc.).<\/p><p>Aquestes galetes s&#8217;utilitzen \u00fanicament per oferir una navegaci\u00f3 correcta, millorar el rendiment del lloc web i recopilar estad\u00edstiques d&#8217;\u00fas.<\/p>\t\t\t\t\t\t\t\t<\/div>\n\t\t\t\t<div class=\"elementor-element elementor-element-e2f65ea elementor-widget elementor-widget-heading\" data-id=\"e2f65ea\" data-element_type=\"widget\" data-widget_type=\"heading.default\">\n\t\t\t\t\t<h2 class=\"elementor-heading-title elementor-size-default\">\nCOOKIES ESTRICTAMENT NECESS\u00c0RIES<\/h2>\t\t\t\t<\/div>\n\t\t\t\t<div class=\"elementor-element elementor-element-17e38e6 elementor-widget elementor-widget-text-editor\" data-id=\"17e38e6\" data-element_type=\"widget\" data-widget_type=\"text-editor.default\">\n\t\t\t\t\t\t\t\t\t<p>Aquestes cookies s\u00f3n essencials per al funcionament del Lloc Web i no es poden desactivar en els nostres sistemes. Permet gestionar la sessi\u00f3, carregar elements del disseny i recordar configuracions internes. <\/p>\t\t\t\t\t\t\t\t<\/div>\n\t\t\t\t<div class=\"elementor-element elementor-element-a87dfc9 elementor-widget elementor-widget-html\" data-id=\"a87dfc9\" data-element_type=\"widget\" data-widget_type=\"html.default\">\n\t\t\t\t\t<table>\n<thead>\n<tr>\n<th>Nom<\/th>\n<th>Tipus<\/th>\n<th>Duraci\u00f3<\/th>\n<th>Descripci\u00f3<\/th>\n<\/tr>\n<\/thead>\n<tbody>\n\n<tr>\n<td>PHPSESSID<\/td>\n<td>Pr\u00f2pia (Servidor)<\/td>\n<td>Sessi\u00f3<\/td>\n<td>Mant\u00e9 activa la sessi\u00f3 de l'usuari per gestionar sol\u00b7licituds del lloc.<\/td>\n<\/tr>\n\n<tr>\n<td>continueReview<\/td>\n<td>Pr\u00f2pia<\/td>\n<td>Sessi\u00f3<\/td>\n<td>Conserva l'estat de navegaci\u00f3 o processos interns durant la visita.<\/td>\n<\/tr>\n\n<tr>\n<td>elementor<\/td>\n<td>Pr\u00f2pia (Elementor)<\/td>\n<td>1 any<\/td>\n<td>Permet que el constructor de p\u00e0gines carregui correctament els elements del lloc.<\/td>\n<\/tr>\n\n<tr>\n<td>e_globals<\/td>\n<td>Pr\u00f2pia (Elementor)<\/td>\n<td>Sessi\u00f3<\/td>\n<td>Emmagatzema configuracions globals utilitzades en el disseny del lloc.<\/td>\n<\/tr>\n\n<tr>\n<td>e_document\/global<\/td>\n<td>Pr\u00f2pia (Elementor)<\/td>\n<td>Sessi\u00f3<\/td>\n<td>Gestiona la c\u00e0rrega de plantilles globals del lloc web.<\/td>\n<\/tr>\n\n<tr>\n<td>fusionPanel<\/td>\n<td>Pr\u00f2pia<\/td>\n<td>Persistent<\/td>\n<td>Guarda ajustaments interns del panell del constructor o del tema.<\/td>\n<\/tr>\n\n<tr>\n<td>e_kit-elements-defaults<\/td>\n<td>Pr\u00f2pia (Elementor)<\/td>\n<td>Persistent<\/td>\n<td>Emmagatzema configuracions predeterminades dels widgets.<\/td>\n<\/tr>\n\n<tr>\n<td>ate-maiya-info_*<\/td>\n<td>Pr\u00f2pia<\/td>\n<td>Persistent<\/td>\n<td>Guarda prefer\u00e8ncies t\u00e8cniques internes del maquetador o del tema.<\/td>\n<\/tr>\n\n<tr>\n<td>wpEmojiSettingsSupports<\/td>\n<td>Pr\u00f2pia (WordPress)<\/td>\n<td>Sessi\u00f3<\/td>\n<td>Comproveu si el navegador admet emojis per mostrar-los correctament.<\/td>\n<\/tr>\n\n<tr>\n<td>wordpress_test_cookie<\/td>\n<td>Pr\u00f2pia (WordPress)<\/td>\n<td>Sessi\u00f3<\/td>\n<td>Comprova si el navegador permet utilitzar cookies.<\/td>\n<\/tr>\n\n<tr>\n<td>wordpress_logged_in_*<\/td>\n<td>Pr\u00f2pia (WordPress)<\/td>\n<td>Sessi\u00f3n<\/td>\n<td>Mant\u00e9 la sessi\u00f3 iniciada d'usuaris registrats.<\/td>\n<\/tr>\n\n<tr>\n<td>wp-settings-*<\/td>\n<td>Pr\u00f2pia (WordPress)<\/td>\n<td>1 any<\/td>\n<td>Conserva prefer\u00e8ncies de l'usuari al tauler d'administraci\u00f3.<\/td>\n<\/tr>\n\n<tr>\n<td>wp-settings-time-*<\/td>\n<td>Pr\u00f2pia (WordPress)<\/td>\n<td>1 any<\/td>\n<td>Emmagatzema el moment en qu\u00e8 es van guardar les prefer\u00e8ncies.<\/td>\n<\/tr>\n\n<\/tbody>\n<\/table>\n\t\t\t\t<\/div>\n\t\t\t\t<div class=\"elementor-element elementor-element-e1286ef elementor-widget elementor-widget-heading\" data-id=\"e1286ef\" data-element_type=\"widget\" data-widget_type=\"heading.default\">\n\t\t\t\t\t<h2 class=\"elementor-heading-title elementor-size-default\">\nCOOKIES DE FUNCIONALITAT<\/h2>\t\t\t\t<\/div>\n\t\t\t\t<div class=\"elementor-element elementor-element-22353fb elementor-widget elementor-widget-text-editor\" data-id=\"22353fb\" data-element_type=\"widget\" data-widget_type=\"text-editor.default\">\n\t\t\t\t\t\t\t\t\tPermeten recordar ajustaments com ara idioma, prefer\u00e8ncies de l&#8217;usuari i configuracions del lloc.\t\t\t\t\t\t\t\t<\/div>\n\t\t\t\t<div class=\"elementor-element elementor-element-7e72f7a elementor-widget elementor-widget-html\" data-id=\"7e72f7a\" data-element_type=\"widget\" data-widget_type=\"html.default\">\n\t\t\t\t\t<table>\n<thead>\n<tr>\n<th>Nom<\/th>\n<th>Tipus<\/th>\n<th>Duraci\u00f3<\/th>\n<th>Descripci\u00f3<\/th>\n<\/tr>\n<\/thead>\n<tbody>\n\n<tr>\n<td>wp-wpml_current_language<\/td>\n<td>Pr\u00f2pia (WPML)<\/td>\n<td>1 d\u00eda<\/td>\n<td>Recordeu l'idioma seleccionat per l'usuari.<\/td>\n<\/tr>\n\n<tr>\n<td>wp-wpml_current_admin_language_*<\/td>\n<td>Pr\u00f2pia (WPML)<\/td>\n<td>Sessi\u00f3<\/td>\n<td>Definiu l'idioma del tauler d'administraci\u00f3.<\/td>\n<\/tr>\n\n<tr>\n<td>WP_PREFERENCES_USER_*<\/td>\n<td>Pr\u00f2pia<\/td>\n<td>Persistent<\/td>\n<td>Guarda prefer\u00e8ncies de l'usuari.<\/td>\n<\/tr>\n\n<\/tbody>\n<\/table>\n\t\t\t\t<\/div>\n\t\t\t\t<div class=\"elementor-element elementor-element-3c2a427 elementor-widget elementor-widget-heading\" data-id=\"3c2a427\" data-element_type=\"widget\" data-widget_type=\"heading.default\">\n\t\t\t\t\t<h2 class=\"elementor-heading-title elementor-size-default\">\nCOOKIES DE RENDIMENT \/ ANAL\u00cdTIQUES<\/h2>\t\t\t\t<\/div>\n\t\t\t\t<div class=\"elementor-element elementor-element-98ad450 elementor-widget elementor-widget-text-editor\" data-id=\"98ad450\" data-element_type=\"widget\" data-widget_type=\"text-editor.default\">\n\t\t\t\t\t\t\t\t\tRecopilen informaci\u00f3 an\u00f2nima sobre com els usuaris interactuen amb el Lloc Web (Google Analytics i Mixpanel).\t\t\t\t\t\t\t\t<\/div>\n\t\t\t\t<div class=\"elementor-element elementor-element-cc7fe07 elementor-widget elementor-widget-html\" data-id=\"cc7fe07\" data-element_type=\"widget\" data-widget_type=\"html.default\">\n\t\t\t\t\t<table>\n<thead>\n<tr>\n<th>Nom<\/th>\n<th>Tipus<\/th>\n<th>Duraci\u00f3<\/th>\n<th>Descripci\u00f3<\/th>\n<\/tr>\n<\/thead>\n<tbody>\n\n<tr>\n<td>_ga<\/td>\n<td>Tercers (Google Analytics)<\/td>\n<td>2 anys<\/td>\n<td>Distingeix usuaris mitjan\u00e7ant un identificador \u00fanic.<\/td>\n<\/tr>\n\n<tr>\n<td>_ga_*<\/td>\n<td>Tercers (Google Analytics)<\/td>\n<td>2 a\u00f1os<\/td>\n<td>Mide esdeveniments i interaccions dins del lloc.<\/td>\n<\/tr>\n\n<tr>\n<td>mp_*_mixpanel<\/td>\n<td>Tercers (Mixpanel)<\/td>\n<td>1 any<\/td>\n<td>Identificador \u00fanic per a anal\u00edtica avan\u00e7ada.<\/td>\n<\/tr>\n\n<tr>\n<td>mp_gen_new_tab_id_mixpanel_*<\/td>\n<td>Tercers (Mixpanel)<\/td>\n<td>Sessi\u00f3<\/td>\n<td>Identifica pestanyes obertes per mesurar navegaci\u00f3.<\/td>\n<\/tr>\n\n<tr>\n<td>mp_tab_id_mixpanel_*<\/td>\n<td>Tercers (Mixpanel)<\/td>\n<td>Sessi\u00f3<\/td>\n<td>Assigna un identificador \u00fanic per pestanya.<\/td>\n<\/tr>\n\n<tr>\n<td>__mpq_150605b3b9f979922f2ac5a52e2dcfe9_pp<\/td>\n<td>Tercers (Mixpanel)<\/td>\n<td>Persistent<\/td>\n<td>Registra dades internes d'interacci\u00f3.<\/td>\n<\/tr>\n\n<tr>\n<td>__mpq_150605b3b9f979922f2ac5a52e2dcfe9_ev<\/td>\n<td>Tercers (Mixpanel)<\/td>\n<td>Persistent<\/td>\n<td>Registra esdeveniments generats per l'usuari.<\/td>\n<\/tr>\n\n<\/tbody>\n<\/table>\n\t\t\t\t<\/div>\n\t\t\t\t<div class=\"elementor-element elementor-element-f47862a elementor-widget elementor-widget-heading\" data-id=\"f47862a\" data-element_type=\"widget\" data-widget_type=\"heading.default\">\n\t\t\t\t\t<h2 class=\"elementor-heading-title elementor-size-default\">\nTERMINIS DE CONSERVACI\u00d3<\/h2>\t\t\t\t<\/div>\n\t\t\t\t<div class=\"elementor-element elementor-element-5fda737 elementor-widget elementor-widget-text-editor\" data-id=\"5fda737\" data-element_type=\"widget\" data-widget_type=\"text-editor.default\">\n\t\t\t\t\t\t\t\t\t<p>Les cookies emprades per Viatges Sabatour S.L. romandran al dispositiu durant el temps necessari per complir amb la seva finalitat original, sense superar en cap cas els 2 anys. No obstant aix\u00f2, podeu eliminar-les en qualsevol moment des de la configuraci\u00f3 del vostre navegador, tal com es descriu a la secci\u00f3 \u201cCOM CONFIGURAR, REBUTJAR O BLOQUEJAR COOKIES\u201d d&#8217;aquesta pol\u00edtica. <\/p>\t\t\t\t\t\t\t\t<\/div>\n\t\t\t\t<div class=\"elementor-element elementor-element-50d9584 elementor-widget elementor-widget-heading\" data-id=\"50d9584\" data-element_type=\"widget\" data-widget_type=\"heading.default\">\n\t\t\t\t\t<h2 class=\"elementor-heading-title elementor-size-default\">\nTRANSFER\u00c8NCIES INTERNACIONALS<\/h2>\t\t\t\t<\/div>\n\t\t\t\t<div class=\"elementor-element elementor-element-b4f5f7d elementor-widget elementor-widget-text-editor\" data-id=\"b4f5f7d\" data-element_type=\"widget\" data-widget_type=\"text-editor.default\">\n\t\t\t\t\t\t\t\t\t<p>Algunes galetes de tercers utilitzades en aquest Lloc Web poden implicar transfer\u00e8ncies internacionals de dades. En aquests casos, garantim que s&#8217;aplicaran les mesures adequades per protegir la confidencialitat, integritat i disponibilitat de la informaci\u00f3. <\/p><p>Per obtenir detalls concrets sobre aquestes transfer\u00e8ncies, podeu consultar les pol\u00edtiques de privadesa de cada prove\u00efdor a trav\u00e9s dels enlla\u00e7os oferts al panell de configuraci\u00f3 de cookies<\/p>\t\t\t\t\t\t\t\t<\/div>\n\t\t\t\t<div class=\"elementor-element elementor-element-01efa98 elementor-widget elementor-widget-heading\" data-id=\"01efa98\" data-element_type=\"widget\" data-widget_type=\"heading.default\">\n\t\t\t\t\t<h2 class=\"elementor-heading-title elementor-size-default\">\nCOM CONFIGURAR, REBUTJAR O BLOQUEJAR COOKIES<\/h2>\t\t\t\t<\/div>\n\t\t\t\t<div class=\"elementor-element elementor-element-ed91d2c elementor-widget elementor-widget-text-editor\" data-id=\"ed91d2c\" data-element_type=\"widget\" data-widget_type=\"text-editor.default\">\n\t\t\t\t\t\t\t\t\t<p>Viatges Sabatour S.L. ha habilitat un m\u00f2dul de configuraci\u00f3 de cookies accessible des del mateix Lloc Web. Mitjan\u00e7ant aquest panell, l&#8217;usuari pot:<\/p><ul><li>Acceptar totes les galetes<\/li><li>Rebutjar-les totes (excepte les necess\u00e0ries)<\/li><li>Configurar-les de forma granular segons la categoria<\/li><\/ul>\t\t\t\t\t\t\t\t<\/div>\n\t\t\t\t<div class=\"elementor-element elementor-element-10feb93 elementor-widget elementor-widget-shortcode\" data-id=\"10feb93\" data-element_type=\"widget\" data-widget_type=\"shortcode.default\">\n\t\t\t\t\t\t\t<div class=\"elementor-shortcode\"><div id=\"cmplz-manage-consent-container-nojavascript\">Heu carregat la Pol\u00edtica de galetes sense suport javascript.&nbsp;A AMP, podeu utilitzar el bot\u00f3 de gesti\u00f3 del consentiment a la part inferior de la p\u00e0gina.<\/div><div id=\"cmplz-manage-consent-container\" name=\"cmplz-manage-consent-container\" class=\"cmplz-manage-consent-container\"><\/div>\n<\/div>\n\t\t\t\t\t\t<\/div>\n\t\t\t\t<div class=\"elementor-element elementor-element-0901de0 elementor-widget elementor-widget-text-editor\" data-id=\"0901de0\" data-element_type=\"widget\" data-widget_type=\"text-editor.default\">\n\t\t\t\t\t\t\t\t\t<p>A m\u00e9s, podeu impedir l&#8217;emmagatzematge de cookies mitjan\u00e7ant la configuraci\u00f3 del vostre navegador. Tamb\u00e9 podeu configurar-lo perqu\u00e8 us avisi cada vegada que un servidor voleu desar una galeta. <\/p>\t\t\t\t\t\t\t\t<\/div>\n\t\t\t\t<div class=\"elementor-element elementor-element-cc43189 elementor-widget elementor-widget-heading\" data-id=\"cc43189\" data-element_type=\"widget\" data-widget_type=\"heading.default\">\n\t\t\t\t\t<h3 class=\"elementor-heading-title elementor-size-default\">Configuraci\u00f3 de cookies segons navegador<\/h3>\t\t\t\t<\/div>\n\t\t\t\t<div class=\"elementor-element elementor-element-cd769f3 elementor-widget elementor-widget-text-editor\" data-id=\"cd769f3\" data-element_type=\"widget\" data-widget_type=\"text-editor.default\">\n\t\t\t\t\t\t\t\t\t<p><strong>Microsoft Internet Explorer<\/strong><br>Eines &gt; Opcions d&#8217;Internet &gt; Privacitat &gt; Configuraci\u00f3<br>M\u00e9s informaci\u00f3:<br><span style=\"color: #00a6e8;\"><a style=\"color: #00a6e8;\" href=\"http:\/\/windows.microsoft.com\/es-es\/windows-vista\/block-or-allow-Cookies\">http:\/\/windows.microsoft.com\/es-es\/windows-vista\/block-or-allow-Cookies<\/a><\/span><br><span style=\"color: #00a6e8;\"><a style=\"color: #00a6e8;\" href=\"http:\/\/windows.microsoft.com\/es-es\/windows7\/how-to-manage-Cookies-in-internet-explorer-9\">http:\/\/windows.microsoft.com\/es-es\/windows7\/how-to-manage-Cookies-in-internet-explorer-9<\/a><\/span><\/p><p>Mozilla Firefox<br>Eines &gt; Opcions &gt; Privacitad &gt; Cookies<br>M\u00e9s informaci\u00f3:<br><span style=\"color: #00a6e8;\"><a style=\"color: #00a6e8;\" href=\"https:\/\/support.mozilla.org\/es\/kb\/habilitar-y-deshabilitar-cookies-sitios-web-rastrear-preferencias\">https:\/\/support.mozilla.org\/es\/kb\/habilitar-y-deshabilitar-cookies-sitios-web-rastrear-preferencias<\/a><\/span><\/p><p>Google Chrome<br>Opcions &gt; Avan\u00e7at &gt; Privacitat<br>M\u00e9s informaci\u00f3:<br><span style=\"color: #00a6e8;\"><a style=\"color: #00a6e8;\" href=\"https:\/\/support.google.com\/accounts\/answer\/61416?hl=es\">https:\/\/support.google.com\/accounts\/answer\/61416?hl=es<\/a><\/span><\/p><p>Opera<br>Men\u00fa &gt; Seguretat y Privacitat<br>M\u00e9s informaci\u00f3:<br><span style=\"color: #00a6e8;\"><a style=\"color: #00a6e8;\" href=\"http:\/\/help.opera.com\/Windows\/11.50\/es-ES\/cookies.html\">http:\/\/help.opera.com\/Windows\/11.50\/es-ES\/cookies.html<\/a><\/span><\/p><p>Safari<br>Prefer\u00e8ncies &gt; Privacitat<br>M\u00e9s informaci\u00f3:<br><span style=\"color: #00a6e8;\"><a style=\"color: #00a6e8;\" href=\"http:\/\/support.apple.com\/kb\/HT1677?viewlocale=es_ES\">http:\/\/support.apple.com\/kb\/HT1677?viewlocale=es_ES<\/a><\/span><\/p>\t\t\t\t\t\t\t\t<\/div>\n\t\t\t\t<div class=\"elementor-element elementor-element-171f9c1 elementor-widget elementor-widget-heading\" data-id=\"171f9c1\" data-element_type=\"widget\" data-widget_type=\"heading.default\">\n\t\t\t\t\t<h2 class=\"elementor-heading-title elementor-size-default\">\nDRETS DELS USUARIS<\/h2>\t\t\t\t<\/div>\n\t\t\t\t<div class=\"elementor-element elementor-element-4ec953e elementor-widget elementor-widget-text-editor\" data-id=\"4ec953e\" data-element_type=\"widget\" data-widget_type=\"text-editor.default\">\n\t\t\t\t\t\t\t\t\t<p>Per a m\u00e9s informaci\u00f3 sobre com Viatges Sabatour S.L. tracta les dades personals de l&#8217;usuari i com exercir els seus drets, consulteu la nostra <span style=\"color: #00a6e8;\"><a style=\"color: #00a6e8;\" href=\"https:\/\/viatgessabatour.com\/ca\/politica-de-privacitat\/\">Pol\u00edtica de Privacitat<\/a><\/span><\/p>\t\t\t\t\t\t\t\t<\/div>\n\t\t\t\t\t<\/div>\n\t\t\t\t<\/div>\n\t\t\t\t<\/div>\n\t\t","protected":false},"excerpt":{"rendered":"<p>Pol\u00edtica de cookies Aquesta Pol\u00edtica de Cookies forma part essencial de les normes i pol\u00edtiques de privadesa del Lloc Web de Viatges Sabatour S.L., que d&#8217;ara endavant anomenarem Lloc Web. En accedir o navegar al Lloc Web, o en utilitzar els seus serveis, vost\u00e8 accepta autom\u00e0ticament els termes i condicions establerts a les nostres regles [&hellip;]<\/p>\n","protected":false},"author":1,"featured_media":0,"parent":0,"menu_order":0,"comment_status":"closed","ping_status":"closed","template":"elementor_header_footer","meta":{"footnotes":""},"class_list":["post-441","page","type-page","status-publish","hentry"],"yoast_head":"<!-- This site is optimized with the Yoast SEO plugin v26.5 - https:\/\/yoast.com\/wordpress\/plugins\/seo\/ -->\n<title>Pol\u00edtica de cookies - Viatges Sabatour, Carrefour Sabadell<\/title>\n<meta name=\"robots\" content=\"noindex, follow\" \/>\n<meta property=\"og:locale\" content=\"ca_ES\" \/>\n<meta property=\"og:type\" content=\"article\" \/>\n<meta property=\"og:title\" content=\"Pol\u00edtica de cookies - Viatges Sabatour, Carrefour Sabadell\" \/>\n<meta property=\"og:description\" content=\"Pol\u00edtica de cookies Aquesta Pol\u00edtica de Cookies forma part essencial de les normes i pol\u00edtiques de privadesa del Lloc Web de Viatges Sabatour S.L., que d&#8217;ara endavant anomenarem Lloc Web. En accedir o navegar al Lloc Web, o en utilitzar els seus serveis, vost\u00e8 accepta autom\u00e0ticament els termes i condicions establerts a les nostres regles [&hellip;]\" \/>\n<meta property=\"og:url\" content=\"https:\/\/viatgessabatour.com\/ca\/politica-de-cookies\/\" \/>\n<meta property=\"og:site_name\" content=\"Viatges Sabatour, Carrefour Sabadell\" \/>\n<meta property=\"article:modified_time\" content=\"2025-12-03T13:48:56+00:00\" \/>\n<meta name=\"twitter:card\" content=\"summary_large_image\" \/>\n<meta name=\"twitter:label1\" content=\"Temps estimat de lectura\" \/>\n\t<meta name=\"twitter:data1\" content=\"5 minuts\" \/>\n<script type=\"application\/ld+json\" class=\"yoast-schema-graph\">{\"@context\":\"https:\/\/schema.org\",\"@graph\":[{\"@type\":\"WebPage\",\"@id\":\"https:\/\/viatgessabatour.com\/ca\/politica-de-cookies\/\",\"url\":\"https:\/\/viatgessabatour.com\/ca\/politica-de-cookies\/\",\"name\":\"Pol\u00edtica de cookies - Viatges Sabatour, Carrefour Sabadell\",\"isPartOf\":{\"@id\":\"https:\/\/viatgessabatour.com\/#website\"},\"datePublished\":\"2025-12-03T10:53:21+00:00\",\"dateModified\":\"2025-12-03T13:48:56+00:00\",\"breadcrumb\":{\"@id\":\"https:\/\/viatgessabatour.com\/ca\/politica-de-cookies\/#breadcrumb\"},\"inLanguage\":\"ca\",\"potentialAction\":[{\"@type\":\"ReadAction\",\"target\":[\"https:\/\/viatgessabatour.com\/ca\/politica-de-cookies\/\"]}]},{\"@type\":\"BreadcrumbList\",\"@id\":\"https:\/\/viatgessabatour.com\/ca\/politica-de-cookies\/#breadcrumb\",\"itemListElement\":[{\"@type\":\"ListItem\",\"position\":1,\"name\":\"Portada\",\"item\":\"https:\/\/viatgessabatour.com\/ca\/home\/\"},{\"@type\":\"ListItem\",\"position\":2,\"name\":\"Pol\u00edtica de cookies\"}]},{\"@type\":\"WebSite\",\"@id\":\"https:\/\/viatgessabatour.com\/#website\",\"url\":\"https:\/\/viatgessabatour.com\/\",\"name\":\"Viatges Sabatour, Carrefour Sabadell\",\"description\":\"\",\"publisher\":{\"@id\":\"https:\/\/viatgessabatour.com\/#organization\"},\"potentialAction\":[{\"@type\":\"SearchAction\",\"target\":{\"@type\":\"EntryPoint\",\"urlTemplate\":\"https:\/\/viatgessabatour.com\/?s={search_term_string}\"},\"query-input\":{\"@type\":\"PropertyValueSpecification\",\"valueRequired\":true,\"valueName\":\"search_term_string\"}}],\"inLanguage\":\"ca\"},{\"@type\":\"Organization\",\"@id\":\"https:\/\/viatgessabatour.com\/#organization\",\"name\":\"Viatges Sabatour, Carrefour Sabadell\",\"url\":\"https:\/\/viatgessabatour.com\/\",\"logo\":{\"@type\":\"ImageObject\",\"inLanguage\":\"ca\",\"@id\":\"https:\/\/viatgessabatour.com\/#\/schema\/logo\/image\/\",\"url\":\"https:\/\/viatgessabatour.com\/wp-content\/uploads\/2025\/11\/cropped-favicon.jpg\",\"contentUrl\":\"https:\/\/viatgessabatour.com\/wp-content\/uploads\/2025\/11\/cropped-favicon.jpg\",\"width\":512,\"height\":512,\"caption\":\"Viatges Sabatour, Carrefour Sabadell\"},\"image\":{\"@id\":\"https:\/\/viatgessabatour.com\/#\/schema\/logo\/image\/\"},\"sameAs\":[\"https:\/\/www.instagram.com\/viatgescarrefour\/\"]}]}<\/script>\n<!-- \/ Yoast SEO plugin. -->","yoast_head_json":{"title":"Pol\u00edtica de cookies - Viatges Sabatour, Carrefour Sabadell","robots":{"index":"noindex","follow":"follow"},"og_locale":"ca_ES","og_type":"article","og_title":"Pol\u00edtica de cookies - Viatges Sabatour, Carrefour Sabadell","og_description":"Pol\u00edtica de cookies Aquesta Pol\u00edtica de Cookies forma part essencial de les normes i pol\u00edtiques de privadesa del Lloc Web de Viatges Sabatour S.L., que d&#8217;ara endavant anomenarem Lloc Web. En accedir o navegar al Lloc Web, o en utilitzar els seus serveis, vost\u00e8 accepta autom\u00e0ticament els termes i condicions establerts a les nostres regles [&hellip;]","og_url":"https:\/\/viatgessabatour.com\/ca\/politica-de-cookies\/","og_site_name":"Viatges Sabatour, Carrefour Sabadell","article_modified_time":"2025-12-03T13:48:56+00:00","twitter_card":"summary_large_image","twitter_misc":{"Temps estimat de lectura":"5 minuts"},"schema":{"@context":"https:\/\/schema.org","@graph":[{"@type":"WebPage","@id":"https:\/\/viatgessabatour.com\/ca\/politica-de-cookies\/","url":"https:\/\/viatgessabatour.com\/ca\/politica-de-cookies\/","name":"Pol\u00edtica de cookies - Viatges Sabatour, Carrefour Sabadell","isPartOf":{"@id":"https:\/\/viatgessabatour.com\/#website"},"datePublished":"2025-12-03T10:53:21+00:00","dateModified":"2025-12-03T13:48:56+00:00","breadcrumb":{"@id":"https:\/\/viatgessabatour.com\/ca\/politica-de-cookies\/#breadcrumb"},"inLanguage":"ca","potentialAction":[{"@type":"ReadAction","target":["https:\/\/viatgessabatour.com\/ca\/politica-de-cookies\/"]}]},{"@type":"BreadcrumbList","@id":"https:\/\/viatgessabatour.com\/ca\/politica-de-cookies\/#breadcrumb","itemListElement":[{"@type":"ListItem","position":1,"name":"Portada","item":"https:\/\/viatgessabatour.com\/ca\/home\/"},{"@type":"ListItem","position":2,"name":"Pol\u00edtica de cookies"}]},{"@type":"WebSite","@id":"https:\/\/viatgessabatour.com\/#website","url":"https:\/\/viatgessabatour.com\/","name":"Viatges Sabatour, Carrefour Sabadell","description":"","publisher":{"@id":"https:\/\/viatgessabatour.com\/#organization"},"potentialAction":[{"@type":"SearchAction","target":{"@type":"EntryPoint","urlTemplate":"https:\/\/viatgessabatour.com\/?s={search_term_string}"},"query-input":{"@type":"PropertyValueSpecification","valueRequired":true,"valueName":"search_term_string"}}],"inLanguage":"ca"},{"@type":"Organization","@id":"https:\/\/viatgessabatour.com\/#organization","name":"Viatges Sabatour, Carrefour Sabadell","url":"https:\/\/viatgessabatour.com\/","logo":{"@type":"ImageObject","inLanguage":"ca","@id":"https:\/\/viatgessabatour.com\/#\/schema\/logo\/image\/","url":"https:\/\/viatgessabatour.com\/wp-content\/uploads\/2025\/11\/cropped-favicon.jpg","contentUrl":"https:\/\/viatgessabatour.com\/wp-content\/uploads\/2025\/11\/cropped-favicon.jpg","width":512,"height":512,"caption":"Viatges Sabatour, Carrefour Sabadell"},"image":{"@id":"https:\/\/viatgessabatour.com\/#\/schema\/logo\/image\/"},"sameAs":["https:\/\/www.instagram.com\/viatgescarrefour\/"]}]}},"_links":{"self":[{"href":"https:\/\/viatgessabatour.com\/ca\/wp-json\/wp\/v2\/pages\/441","targetHints":{"allow":["GET"]}}],"collection":[{"href":"https:\/\/viatgessabatour.com\/ca\/wp-json\/wp\/v2\/pages"}],"about":[{"href":"https:\/\/viatgessabatour.com\/ca\/wp-json\/wp\/v2\/types\/page"}],"author":[{"embeddable":true,"href":"https:\/\/viatgessabatour.com\/ca\/wp-json\/wp\/v2\/users\/1"}],"replies":[{"embeddable":true,"href":"https:\/\/viatgessabatour.com\/ca\/wp-json\/wp\/v2\/comments?post=441"}],"version-history":[{"count":2,"href":"https:\/\/viatgessabatour.com\/ca\/wp-json\/wp\/v2\/pages\/441\/revisions"}],"predecessor-version":[{"id":443,"href":"https:\/\/viatgessabatour.com\/ca\/wp-json\/wp\/v2\/pages\/441\/revisions\/443"}],"wp:attachment":[{"href":"https:\/\/viatgessabatour.com\/ca\/wp-json\/wp\/v2\/media?parent=441"}],"curies":[{"name":"wp","href":"https:\/\/api.w.org\/{rel}","templated":true}]}}